{"id":48655,"date":"2025-06-12T17:29:58","date_gmt":"2025-06-12T10:29:58","guid":{"rendered":"https:\/\/www.bravo.com.vn\/?page_id=48655"},"modified":"2025-07-03T14:54:09","modified_gmt":"2025-07-03T07:54:09","slug":"customers","status":"publish","type":"page","link":"https:\/\/www.bravo.com.vn\/en\/customers\/","title":{"rendered":"Customers"},"content":{"rendered":"\n<div class=\"gb-element-addb4c56 alignfull\" style=\"--inline-bg-image: url(https:\/\/www.bravo.com.vn\/wp-content\/uploads\/2025\/04\/khach-hang.jpg)\">\n<div class=\"gb-element-cc8d98be dark-bg\">\n<h1 class=\"gb-text\">Customer<\/h1>\n\n\n\n<p class=\"khachhang-top\">Customers have always been at the heart of every value BRAVO creates \u2014 forming the solid foundation for our journey toward sustainable growth. Over more than two decades of accompanying Vietnamese enterprises, BRAVO is proud to have been chosen as the 'management secret' by nearly 5,000 medium and large-sized corporations and companies. Notably, some have gone beyond being just customers \u2014 they have become true long-term partners, standing by BRAVO through many years and multiple product versions.<\/p>\n\n\n\n<a class=\"gb-text gb-text-9cb59cc0 button-w-arrow popmake-49205\">Register for a free trial<\/a>\n\n\n\n<div class=\"gb-element-187bd6cd\">\n<h3 class=\"gb-text gb-text-74558425 congthongtin\"><a href=\"https:\/\/customer.bravo.com.vn\/#\/portal\" target=\"_blank\" rel=\"noopener\">Corporate Portal<\/a><\/h3>\n\n\n\n<a href=\"https:\/\/customer.bravo.com.vn\/#\/portal\" target=\"_blank\" rel=\"noopener\"><img decoding=\"async\" width=\"48\" height=\"48\" class=\"gb-media-46043763\" src=\"https:\/\/www.bravo.com.vn\/wp-content\/uploads\/\/2025\/05\/icon-tron-48-1.svg\" alt=\"\"\/><\/a>\n<\/div>\n<\/div>\n<\/div>\n\n\n\n<h2 class=\"gb-text\">Customer List<\/h2>\n\n\n    <div class=\"category-post-section 124\">\n        <div class=\"swiper-container khachhang-swiper\">\n            <div class=\"swiper-wrapper\">\n                                    <div class=\"swiper-slide\" data-category-slug=\"typical-customers\">\n                        <p>Typical Customers<\/p>\n                    <\/div>\n                                    <div class=\"swiper-slide\" data-category-slug=\"steel-industry\">\n                        <p>Steel Industry<\/p>\n                    <\/div>\n                                    <div class=\"swiper-slide\" data-category-slug=\"industry-mechanical-engineering\">\n                        <p>Industry - Mechanical engineering<\/p>\n                    <\/div>\n                                    <div class=\"swiper-slide\" data-category-slug=\"trade-services-communication\">\n                        <p>Trade - Services - Communication<\/p>\n                    <\/div>\n                                    <div class=\"swiper-slide\" data-category-slug=\"pharmaceutical-food-beverages\">\n                        <p>Pharmaceutical - Food &amp; Beverages<\/p>\n                    <\/div>\n                                    <div class=\"swiper-slide\" data-category-slug=\"packaging-and-textile-industry\">\n                        <p>Textile - Packaging - Paper<\/p>\n                    <\/div>\n                                    <div class=\"swiper-slide\" data-category-slug=\"transportation-logistic\">\n                        <p>Transportation - Logistics<\/p>\n                    <\/div>\n                                    <div class=\"swiper-slide\" data-category-slug=\"securities-finance-lottery\">\n                        <p>Securities - Finance - Lottery<\/p>\n                    <\/div>\n                                    <div class=\"swiper-slide\" data-category-slug=\"construction-real-estate\">\n                        <p>Construction &amp; Real Estate<\/p>\n                    <\/div>\n                                    <div class=\"swiper-slide\" data-category-slug=\"mining-and-mineral-industry\">\n                        <p>Mining and Mineral Industry<\/p>\n                    <\/div>\n                                    <div class=\"swiper-slide\" data-category-slug=\"foreign-direct-investment-fdi\">\n                        <p>Foreign Direct Investment (FDI)<\/p>\n                    <\/div>\n                                    <div class=\"swiper-slide\" data-category-slug=\"construction-materials-furniture-industry\">\n                        <p>Construction Materials &amp; Furniture Industry<\/p>\n                    <\/div>\n                            <\/div>\n            <div class=\"khachhang-next\"><\/div>\n            <div class=\"khachhang-prev\"><\/div>\n        <\/div>\n        <div class=\"category-posts-container\" data-default-category=\"typical-customers\" data-post-type=\"\" data-posts-per-page=\"\">\n            <!-- \/\/ Initial posts are loaded here by js -->\n        <\/div>\n    <\/div>\n    \n\n\n\n<h2 class=\"gb-text\">Project Story<\/h2>\n\n\n\n<div class=\"sp-container alignfull duan-container\">\n<div class=\"true-center-container\"><div class=\"swiper duan-swiper\"><div class=\"duan-prev\"><\/div><div class=\"duan-next\"><\/div><div class=\"swiper-wrapper\"><div class=\"swiper-slide\"><div class=\"custom-images\"><img fetchpriority=\"high\" decoding=\"async\" width=\"2200\" height=\"1400\" src=\"https:\/\/www.bravo.com.vn\/wp-content\/uploads\/2023\/11\/Thang11_3_cover-nghiem-thu-bravo-vn-airlines.jpg\" class=\"attachment-post-thumbnail size-post-thumbnail wp-post-image\" alt=\"Nghi\u1ec7m thu ph\u1ea7n m\u1ec1m BRAVO 8R3 t\u1ea1i T\u1ed5ng C\u00f4ng ty H\u00e0ng kh\u00f4ng Vietnam Airlines\" srcset=\"https:\/\/www.bravo.com.vn\/wp-content\/uploads\/2023\/11\/Thang11_3_cover-nghiem-thu-bravo-vn-airlines.jpg 2200w, https:\/\/www.bravo.com.vn\/wp-content\/uploads\/2023\/11\/Thang11_3_cover-nghiem-thu-bravo-vn-airlines-300x191.jpg 300w, https:\/\/www.bravo.com.vn\/wp-content\/uploads\/2023\/11\/Thang11_3_cover-nghiem-thu-bravo-vn-airlines-1024x652.jpg 1024w, https:\/\/www.bravo.com.vn\/wp-content\/uploads\/2023\/11\/Thang11_3_cover-nghiem-thu-bravo-vn-airlines-768x489.jpg 768w, https:\/\/www.bravo.com.vn\/wp-content\/uploads\/2023\/11\/Thang11_3_cover-nghiem-thu-bravo-vn-airlines-1536x977.jpg 1536w, https:\/\/www.bravo.com.vn\/wp-content\/uploads\/2023\/11\/Thang11_3_cover-nghiem-thu-bravo-vn-airlines-2048x1303.jpg 2048w\" sizes=\"(max-width: 2200px) 100vw, 2200px\" \/><div class=\"gradient-overlay\"><\/div><\/div><div class=\"gb-text duan-title\"><h5>Project Story at Vietnam Airlines JSC<\/h5><\/div><\/div><div class=\"swiper-slide\"><div class=\"custom-images\"><img decoding=\"async\" width=\"1429\" height=\"972\" src=\"https:\/\/www.bravo.com.vn\/wp-content\/uploads\/2024\/10\/Thang10_9_manh-ty-viet-my-va-bravo.jpg\" class=\"attachment-post-thumbnail size-post-thumbnail wp-post-image\" alt=\"\" srcset=\"https:\/\/www.bravo.com.vn\/wp-content\/uploads\/2024\/10\/Thang10_9_manh-ty-viet-my-va-bravo.jpg 1429w, https:\/\/www.bravo.com.vn\/wp-content\/uploads\/2024\/10\/Thang10_9_manh-ty-viet-my-va-bravo-300x204.jpg 300w, https:\/\/www.bravo.com.vn\/wp-content\/uploads\/2024\/10\/Thang10_9_manh-ty-viet-my-va-bravo-1024x697.jpg 1024w, https:\/\/www.bravo.com.vn\/wp-content\/uploads\/2024\/10\/Thang10_9_manh-ty-viet-my-va-bravo-768x522.jpg 768w\" sizes=\"(max-width: 1429px) 100vw, 1429px\" \/><div class=\"gradient-overlay\"><\/div><\/div><div class=\"gb-text duan-title\"><h5>Project Story at Manh Ty \u2013 Viet My Pharmaceutical Joint-Stock Company<\/h5><\/div><\/div><div class=\"swiper-slide\"><div class=\"custom-images\"><img loading=\"lazy\" decoding=\"async\" width=\"2200\" height=\"1400\" src=\"https:\/\/www.bravo.com.vn\/wp-content\/uploads\/2024\/05\/Thang5_8_nghiem-thu-bravo-erp-tai-cong-ty-sci-9.jpg\" class=\"attachment-post-thumbnail size-post-thumbnail wp-post-image\" alt=\"Nghi\u1ec7m thu d\u1ef1 \u00e1n tri\u1ec3n khai ph\u1ea7n m\u1ec1m BRAVO 8R3 ERP t\u1ea1i C\u00f4ng ty CP SCI E&amp;C\" srcset=\"https:\/\/www.bravo.com.vn\/wp-content\/uploads\/2024\/05\/Thang5_8_nghiem-thu-bravo-erp-tai-cong-ty-sci-9.jpg 2200w, https:\/\/www.bravo.com.vn\/wp-content\/uploads\/2024\/05\/Thang5_8_nghiem-thu-bravo-erp-tai-cong-ty-sci-9-300x191.jpg 300w, https:\/\/www.bravo.com.vn\/wp-content\/uploads\/2024\/05\/Thang5_8_nghiem-thu-bravo-erp-tai-cong-ty-sci-9-1024x652.jpg 1024w, https:\/\/www.bravo.com.vn\/wp-content\/uploads\/2024\/05\/Thang5_8_nghiem-thu-bravo-erp-tai-cong-ty-sci-9-768x489.jpg 768w, https:\/\/www.bravo.com.vn\/wp-content\/uploads\/2024\/05\/Thang5_8_nghiem-thu-bravo-erp-tai-cong-ty-sci-9-1536x977.jpg 1536w, https:\/\/www.bravo.com.vn\/wp-content\/uploads\/2024\/05\/Thang5_8_nghiem-thu-bravo-erp-tai-cong-ty-sci-9-2048x1303.jpg 2048w\" sizes=\"(max-width: 2200px) 100vw, 2200px\" \/><div class=\"gradient-overlay\"><\/div><\/div><div class=\"gb-text duan-title\"><h5>Project Story at SCI E&#038;C Joint Stock Company<\/h5><\/div><\/div><div class=\"swiper-slide\"><div class=\"custom-images\"><img loading=\"lazy\" decoding=\"async\" width=\"2200\" height=\"1400\" src=\"https:\/\/www.bravo.com.vn\/wp-content\/uploads\/2024\/05\/Thang5_22_nghiem-thu-bravo-erp-tai-cong-ty-astee-horie-3.jpg\" class=\"attachment-post-thumbnail size-post-thumbnail wp-post-image\" alt=\"Nghi\u1ec7m thu ph\u1ea7n m\u1ec1m BRAVO ERP t\u1ea1i C\u00f4ng ty Astee Horie Vi\u1ec7t Nam\" srcset=\"https:\/\/www.bravo.com.vn\/wp-content\/uploads\/2024\/05\/Thang5_22_nghiem-thu-bravo-erp-tai-cong-ty-astee-horie-3.jpg 2200w, https:\/\/www.bravo.com.vn\/wp-content\/uploads\/2024\/05\/Thang5_22_nghiem-thu-bravo-erp-tai-cong-ty-astee-horie-3-300x191.jpg 300w, https:\/\/www.bravo.com.vn\/wp-content\/uploads\/2024\/05\/Thang5_22_nghiem-thu-bravo-erp-tai-cong-ty-astee-horie-3-1024x652.jpg 1024w, https:\/\/www.bravo.com.vn\/wp-content\/uploads\/2024\/05\/Thang5_22_nghiem-thu-bravo-erp-tai-cong-ty-astee-horie-3-768x489.jpg 768w, https:\/\/www.bravo.com.vn\/wp-content\/uploads\/2024\/05\/Thang5_22_nghiem-thu-bravo-erp-tai-cong-ty-astee-horie-3-1536x977.jpg 1536w, https:\/\/www.bravo.com.vn\/wp-content\/uploads\/2024\/05\/Thang5_22_nghiem-thu-bravo-erp-tai-cong-ty-astee-horie-3-2048x1303.jpg 2048w\" sizes=\"(max-width: 2200px) 100vw, 2200px\" \/><div class=\"gradient-overlay\"><\/div><\/div><div class=\"gb-text duan-title\"><h5>Project Story at Astee Horie VN co.,ltd<\/h5><\/div><\/div><div class=\"swiper-slide\"><div class=\"custom-images\"><img loading=\"lazy\" decoding=\"async\" width=\"2200\" height=\"1400\" src=\"https:\/\/www.bravo.com.vn\/wp-content\/uploads\/2024\/11\/Thang11_8_nghiem-thu-bravo-erp-tai-xuong-giang-3.jpg\" class=\"attachment-post-thumbnail size-post-thumbnail wp-post-image\" alt=\"Ch\u00ednh th\u1ee9c nghi\u1ec7m thu d\u1ef1 \u00e1n BRAVO ERP t\u1ea1i C\u00f4ng ty XNK B\u1eafc Giang \u2013 Nh\u00e0 m\u00e1y gi\u1ea5y X\u01b0\u01a1ng Giang\" srcset=\"https:\/\/www.bravo.com.vn\/wp-content\/uploads\/2024\/11\/Thang11_8_nghiem-thu-bravo-erp-tai-xuong-giang-3.jpg 2200w, https:\/\/www.bravo.com.vn\/wp-content\/uploads\/2024\/11\/Thang11_8_nghiem-thu-bravo-erp-tai-xuong-giang-3-300x191.jpg 300w, https:\/\/www.bravo.com.vn\/wp-content\/uploads\/2024\/11\/Thang11_8_nghiem-thu-bravo-erp-tai-xuong-giang-3-1024x652.jpg 1024w, https:\/\/www.bravo.com.vn\/wp-content\/uploads\/2024\/11\/Thang11_8_nghiem-thu-bravo-erp-tai-xuong-giang-3-768x489.jpg 768w, https:\/\/www.bravo.com.vn\/wp-content\/uploads\/2024\/11\/Thang11_8_nghiem-thu-bravo-erp-tai-xuong-giang-3-1536x977.jpg 1536w, https:\/\/www.bravo.com.vn\/wp-content\/uploads\/2024\/11\/Thang11_8_nghiem-thu-bravo-erp-tai-xuong-giang-3-2048x1303.jpg 2048w\" sizes=\"(max-width: 2200px) 100vw, 2200px\" \/><div class=\"gradient-overlay\"><\/div><\/div><div class=\"gb-text duan-title\"><h5>Project Story at Bac Giang Import Export Company \u2013 Xuong Giang Paper Factory<\/h5><\/div><\/div><div class=\"swiper-slide\"><div class=\"custom-images\"><img loading=\"lazy\" decoding=\"async\" width=\"2200\" height=\"1400\" src=\"https:\/\/www.bravo.com.vn\/wp-content\/uploads\/2024\/12\/Thang12_18_nghiem-thu-bravo-erp-go-tien-dat-5.jpg\" class=\"attachment-post-thumbnail size-post-thumbnail wp-post-image\" alt=\"C\u00f4ng ty C\u1ed5 ph\u1ea7n K\u1ef9 ngh\u1ec7 G\u1ed7 Ti\u1ebfn \u0110\u1ea1t ch\u00ednh th\u1ee9c nghi\u1ec7m thu v\u00e0 v\u1eadn h\u00e0nh ph\u1ea7n m\u1ec1m qu\u1ea3n tr\u1ecb BRAVO ERP\" srcset=\"https:\/\/www.bravo.com.vn\/wp-content\/uploads\/2024\/12\/Thang12_18_nghiem-thu-bravo-erp-go-tien-dat-5.jpg 2200w, https:\/\/www.bravo.com.vn\/wp-content\/uploads\/2024\/12\/Thang12_18_nghiem-thu-bravo-erp-go-tien-dat-5-300x191.jpg 300w, https:\/\/www.bravo.com.vn\/wp-content\/uploads\/2024\/12\/Thang12_18_nghiem-thu-bravo-erp-go-tien-dat-5-1024x652.jpg 1024w, https:\/\/www.bravo.com.vn\/wp-content\/uploads\/2024\/12\/Thang12_18_nghiem-thu-bravo-erp-go-tien-dat-5-768x489.jpg 768w, https:\/\/www.bravo.com.vn\/wp-content\/uploads\/2024\/12\/Thang12_18_nghiem-thu-bravo-erp-go-tien-dat-5-1536x977.jpg 1536w, https:\/\/www.bravo.com.vn\/wp-content\/uploads\/2024\/12\/Thang12_18_nghiem-thu-bravo-erp-go-tien-dat-5-2048x1303.jpg 2048w\" sizes=\"(max-width: 2200px) 100vw, 2200px\" \/><div class=\"gradient-overlay\"><\/div><\/div><div class=\"gb-text duan-title\"><h5>Project Story at Tien Dat Furniture Corporation<\/h5><\/div><\/div><\/div><\/div>\n<\/div>\n<\/div>\n\n\n\n<div class=\"gb-element-30e99624 alignfull\" style=\"--inline-bg-image: url(https:\/\/www.bravo.com.vn\/wp-content\/uploads\/2025\/04\/kinh-nghiem.jpg)\">\n<div class=\"gb-element-a749c08c dark-bg\">\n<h2 class=\"gb-text\">Implementation&nbsp;experience<\/h2>\n\n\n\n<div class=\"gb-element-b0d60216 kinhnghiem\">\n<div>\n<p>The implementation journey at BRAVO encompasses both advantages and challenges \u2014 while some projects proceed smoothly, others encounter complex and demanding problems. However, in the end, all ERP projects deployed by BRAVO have been successfully delivered and have received positive feedback from clients.<\/p>\n\n\n\n<a class=\"gb-text gb-text-d39be199 button-w-arrow\" href=\"https:\/\/www.bravo.com.vn\/en\/product\/bravo-solutions-according-to-specific-industries\/\" target=\"_blank\" rel=\"noopener\">See more Industry Solutions<\/a>\n<\/div>\n\n\n\n<div class=\"gb-element-881d1efa\">\n<figure class=\"wp-block-embed is-type-video is-provider-youtube wp-block-embed-youtube bravo-youtube wp-embed-aspect-16-9 wp-has-aspect-ratio\"><div class=\"wp-block-embed__wrapper\">\n<iframe title=\"Chuy\u1ec3n \u0111\u1ed5i s\u1ed1 \u2013 Ch\u00eca kh\u00f3a ph\u00e1t tri\u1ec3n b\u1ec1n v\u1eefng c\u1ee7a G\u1ed7 Ti\u1ebfn \u0110\u1ea1t\" width=\"800\" height=\"450\" src=\"https:\/\/www.youtube.com\/embed\/4HWX1zuWdd8?feature=oembed\" frameborder=\"0\" allow=\"accelerometer; autoplay; clipboard-write; encrypted-media; gyroscope; picture-in-picture; web-share\" referrerpolicy=\"strict-origin-when-cross-origin\" allowfullscreen><\/iframe>\n<\/div><\/figure>\n<\/div>\n<\/div>\n<\/div>\n<\/div>\n\n\n\n<div class=\"gb-element-7c8b51ef contac-form-big\">\n<div class=\"gb-element-8ebf1bc7\">\n<div class=\"wp-block-contact-form-7-contact-form-selector\">\n<div class=\"wpcf7 no-js\" id=\"wpcf7-f49179-o1\" lang=\"en-US\" dir=\"ltr\" data-wpcf7-id=\"49179\">\n<div class=\"screen-reader-response\"><p role=\"status\" aria-live=\"polite\" aria-atomic=\"true\"><\/p> <ul><\/ul><\/div>\n<form action=\"\/en\/wp-json\/wp\/v2\/pages\/48655#wpcf7-f49179-o1\" method=\"post\" class=\"wpcf7-form init\" aria-label=\"Contact form\" novalidate=\"novalidate\" data-status=\"init\">\n<fieldset class=\"hidden-fields-container\"><input type=\"hidden\" name=\"_wpcf7\" value=\"49179\" \/><input type=\"hidden\" name=\"_wpcf7_version\" value=\"6.1.5\" \/><input type=\"hidden\" name=\"_wpcf7_locale\" value=\"en_US\" \/><input type=\"hidden\" name=\"_wpcf7_unit_tag\" value=\"wpcf7-f49179-o1\" \/><input type=\"hidden\" name=\"_wpcf7_container_post\" value=\"0\" \/><input type=\"hidden\" name=\"_wpcf7_posted_data_hash\" value=\"\" \/><input type=\"hidden\" name=\"_wpcf7_recaptcha_response\" value=\"\" \/>\n<\/fieldset>\n<div class=\"fields\">\n\t<div class=\"field small\">\n\t\t<p><span class=\"wpcf7-form-control-wrap\" data-name=\"your-company\"><input size=\"40\" maxlength=\"400\" class=\"wpcf7-form-control wpcf7-text wpcf7-validates-as-required\" aria-required=\"true\" aria-invalid=\"false\" placeholder=\"Name of company \/ organization (*)\" value=\"\" type=\"text\" name=\"your-company\" \/><\/span>\n\t\t<\/p>\n\t<\/div>\n\t<div class=\"field small\">\n\t\t<p><span class=\"wpcf7-form-control-wrap\" data-name=\"your-name\"><input size=\"40\" maxlength=\"400\" class=\"wpcf7-form-control wpcf7-text wpcf7-validates-as-required\" aria-required=\"true\" aria-invalid=\"false\" placeholder=\"Full name (*)\" value=\"\" type=\"text\" name=\"your-name\" \/><\/span>\n\t\t<\/p>\n\t<\/div>\n\t<div class=\"field small\">\n\t\t<p><span class=\"wpcf7-form-control-wrap\" data-name=\"your-email\"><input size=\"40\" maxlength=\"400\" class=\"wpcf7-form-control wpcf7-email wpcf7-validates-as-required wpcf7-text wpcf7-validates-as-email\" aria-required=\"true\" aria-invalid=\"false\" placeholder=\"Email (*)\" value=\"\" type=\"email\" name=\"your-email\" \/><\/span>\n\t\t<\/p>\n\t<\/div>\n\t<div class=\"field small\">\n\t\t<p><span class=\"wpcf7-form-control-wrap\" data-name=\"your-phone\"><input size=\"40\" maxlength=\"400\" class=\"wpcf7-form-control wpcf7-tel wpcf7-validates-as-required wpcf7-text wpcf7-validates-as-tel\" aria-required=\"true\" aria-invalid=\"false\" placeholder=\"Phone number (*)\" value=\"\" type=\"tel\" name=\"your-phone\" \/><\/span>\n\t\t<\/p>\n\t<\/div>\n\t<div class=\"field\">\n\t\t<p><span class=\"wpcf7-form-control-wrap\" data-name=\"your-address\"><input size=\"40\" maxlength=\"400\" class=\"wpcf7-form-control wpcf7-text\" aria-invalid=\"false\" placeholder=\"Address\" value=\"\" type=\"text\" name=\"your-address\" \/><\/span>\n\t\t<\/p>\n\t<\/div>\n\t<div class=\"field\">\n\t\t<p><span class=\"wpcf7-form-control-wrap\" data-name=\"your-message\"><textarea cols=\"40\" rows=\"10\" maxlength=\"2000\" class=\"wpcf7-form-control wpcf7-textarea\" aria-invalid=\"false\" placeholder=\"Feedback content...\" name=\"your-message\"><\/textarea><\/span>\n\t\t<\/p>\n\t<\/div>\n\t<div class=\"field-submit\">\n\t\t<p><input class=\"wpcf7-form-control wpcf7-submit has-spinner\" type=\"submit\" value=\"Send information\" \/>\n\t\t<\/p>\n\t<\/div>\n<\/div><input type='hidden' class='wpcf7-pum' value='{\"closepopup\":false,\"closedelay\":0,\"openpopup\":false,\"openpopup_id\":0}' \/><div class=\"wpcf7-response-output\" aria-hidden=\"true\"><\/div>\n<\/form>\n<\/div>\n<\/div>\n<\/div>\n\n\n\n<div class=\"gb-element-f565c704\">\n<img loading=\"lazy\" decoding=\"async\" width=\"850\" height=\"576\" class=\"gb-media-4a43d79d\" src=\"https:\/\/www.bravo.com.vn\/wp-content\/uploads\/2025\/04\/lienhe.jpg\" title=\"lienhe\" srcset=\"https:\/\/www.bravo.com.vn\/wp-content\/uploads\/2025\/04\/lienhe.jpg 850w, https:\/\/www.bravo.com.vn\/wp-content\/uploads\/2025\/04\/lienhe-300x203.jpg 300w, https:\/\/www.bravo.com.vn\/wp-content\/uploads\/2025\/04\/lienhe-768x520.jpg 768w\" sizes=\"(max-width: 850px) 100vw, 850px\" \/>\n<\/div>\n<\/div>\n","protected":false},"excerpt":{"rendered":"<p>Customer Customers have always been at the heart of every value BRAVO creates \u2014 forming the solid foundation for our journey toward sustainable growth. Over more than two decades of accompanying Vietnamese enterprises, BRAVO is proud to have been chosen as the 'management secret' by nearly 5,000 medium and large-sized corporations and companies. Notably, some [&hellip;]<\/p>\n","protected":false},"author":14,"featured_media":14580,"parent":0,"menu_order":0,"comment_status":"closed","ping_status":"closed","template":"page-2025.php","meta":{"_acf_changed":false,"inline_featured_image":false,"footnotes":""},"class_list":["post-48655","page","type-page","status-publish","has-post-thumbnail","hentry"],"acf":[],"_links":{"self":[{"href":"https:\/\/www.bravo.com.vn\/en\/wp-json\/wp\/v2\/pages\/48655","targetHints":{"allow":["GET"]}}],"collection":[{"href":"https:\/\/www.bravo.com.vn\/en\/wp-json\/wp\/v2\/pages"}],"about":[{"href":"https:\/\/www.bravo.com.vn\/en\/wp-json\/wp\/v2\/types\/page"}],"author":[{"embeddable":true,"href":"https:\/\/www.bravo.com.vn\/en\/wp-json\/wp\/v2\/users\/14"}],"replies":[{"embeddable":true,"href":"https:\/\/www.bravo.com.vn\/en\/wp-json\/wp\/v2\/comments?post=48655"}],"version-history":[{"count":10,"href":"https:\/\/www.bravo.com.vn\/en\/wp-json\/wp\/v2\/pages\/48655\/revisions"}],"predecessor-version":[{"id":49221,"href":"https:\/\/www.bravo.com.vn\/en\/wp-json\/wp\/v2\/pages\/48655\/revisions\/49221"}],"wp:featuredmedia":[{"embeddable":true,"href":"https:\/\/www.bravo.com.vn\/en\/wp-json\/wp\/v2\/media\/14580"}],"wp:attachment":[{"href":"https:\/\/www.bravo.com.vn\/en\/wp-json\/wp\/v2\/media?parent=48655"}],"curies":[{"name":"wp","href":"https:\/\/api.w.org\/{rel}","templated":true}]}}